{"id":401,"date":"2024-04-15T13:10:54","date_gmt":"2024-04-15T11:10:54","guid":{"rendered":"https:\/\/annexet.se\/om-arenan\/"},"modified":"2026-02-16T14:37:02","modified_gmt":"2026-02-16T13:37:02","slug":"the-arena","status":"publish","type":"page","link":"https:\/\/annexet.se\/en\/the-arena\/","title":{"rendered":"The arena"},"content":{"rendered":"\n<section id=\"block_328a990ee0a244394351b949f1827c1f\" class=\"text-with-media relative align-full overflow-hidden\" style=\"background-color:var(--wp--preset--color--base);\">\n    <div class=\"container align-default items-center\">\n                    <div class=\"media media-order-1 media-ratio-big media-expanded-yes media-contain-cover\">\n                                    <img decoding=\"async\" width=\"1024\" height=\"1024\" src=\"https:\/\/annexet.se\/uploads\/sites\/3\/2026\/02\/annexet-bildmaner-arenabild-2-2-1024x1024.jpg\" class=\"attachment-large size-large\" alt=\"\" srcset=\"https:\/\/annexet.se\/uploads\/sites\/3\/2026\/02\/annexet-bildmaner-arenabild-2-2-1024x1024.jpg 1024w, https:\/\/annexet.se\/uploads\/sites\/3\/2026\/02\/annexet-bildmaner-arenabild-2-2-300x300.jpg 300w, https:\/\/annexet.se\/uploads\/sites\/3\/2026\/02\/annexet-bildmaner-arenabild-2-2-150x150.jpg 150w, https:\/\/annexet.se\/uploads\/sites\/3\/2026\/02\/annexet-bildmaner-arenabild-2-2-768x768.jpg 768w, https:\/\/annexet.se\/uploads\/sites\/3\/2026\/02\/annexet-bildmaner-arenabild-2-2.jpg 1118w\" sizes=\"(max-width: 1024px) 100vw, 1024px\" \/>                            <\/div>\n                <div class=\"content-body media-order-2\">\n            <div class=\"acf-innerblocks-container\">\n\n<h2 class=\"wp-block-heading has-extra-large-font-size\">This is Annexet<\/h2>\n\n\n\n<p>At the same time as Avicii Arena was built, Annexet was built as a directly connected facility that was primarily intended as a training hall for the area\u2019s ice hockey teams and various sporting events.<\/p>\n\n\n\n<p>Today, Annexet has developed into an intimate and flexible multi-purpose arena used for many different types of events. In addition to frequent concerts, Annexet is popular for trade fairs, galas, corporate conferences and parties. It is also an appreciated arena for TV productions.<\/p>\n\n<\/div>\n        <\/div>\n    <\/div>\n<\/section>\n\n\n\n<section id=\"block_ae796dc47409c41093b1038a234312eb\" class=\"cards-basic relative align-full overflow-hidden cards-height-basic\" style=\"background-color:var(--wp--preset--color--base);\">\n    <div class=\"container align-default\">\n        <div class=\"acf-innerblocks-container\"><\/div>\n    <div class=\"cards-wrapper cards-grid small-mob-grid-cols-1 mob-grid-cols-2 grid-cols-3\">\n                                        <div class=\"card-basic\">\n            <div class=\"card-media\">\n                            <img decoding=\"async\" width=\"1024\" height=\"683\" src=\"https:\/\/annexet.se\/uploads\/sites\/3\/2024\/04\/annexet-fasad-2050-1024x683.jpg\" class=\"attachment-large size-large\" alt=\"Facts\" srcset=\"https:\/\/annexet.se\/uploads\/sites\/3\/2024\/04\/annexet-fasad-2050-1024x683.jpg 1024w, https:\/\/annexet.se\/uploads\/sites\/3\/2024\/04\/annexet-fasad-2050-300x200.jpg 300w, https:\/\/annexet.se\/uploads\/sites\/3\/2024\/04\/annexet-fasad-2050-768x512.jpg 768w, https:\/\/annexet.se\/uploads\/sites\/3\/2024\/04\/annexet-fasad-2050-1536x1024.jpg 1536w, https:\/\/annexet.se\/uploads\/sites\/3\/2024\/04\/annexet-fasad-2050-2048x1366.jpg 2048w\" sizes=\"(max-width: 1024px) 100vw, 1024px\" \/>                    <\/div>\n        <div class=\"card-content\">\n        <div class=\"card-text-content\">\n                            <h3>\n                    Facts                <\/h3>\n                                        <div class=\"entry-content\">\n                    <p>Inaugurated: February 19, 1989<br \/>\nArchitects: Berg Arkitektkontor AB<\/p>\n                <\/div>\n                    <\/div>\n            <\/div>\n    <\/div>\n                                <div class=\"card-basic\">\n            <div class=\"card-media\">\n                            <img decoding=\"async\" width=\"1024\" height=\"683\" src=\"https:\/\/annexet.se\/uploads\/sites\/3\/2024\/04\/lakritsfestivalen-2050-1024x683.jpg\" class=\"attachment-large size-large\" alt=\"Flexibility\" srcset=\"https:\/\/annexet.se\/uploads\/sites\/3\/2024\/04\/lakritsfestivalen-2050-1024x683.jpg 1024w, https:\/\/annexet.se\/uploads\/sites\/3\/2024\/04\/lakritsfestivalen-2050-300x200.jpg 300w, https:\/\/annexet.se\/uploads\/sites\/3\/2024\/04\/lakritsfestivalen-2050-768x512.jpg 768w, https:\/\/annexet.se\/uploads\/sites\/3\/2024\/04\/lakritsfestivalen-2050-1536x1024.jpg 1536w, https:\/\/annexet.se\/uploads\/sites\/3\/2024\/04\/lakritsfestivalen-2050-2048x1366.jpg 2048w\" sizes=\"(max-width: 1024px) 100vw, 1024px\" \/>                    <\/div>\n        <div class=\"card-content\">\n        <div class=\"card-text-content\">\n                            <h3>\n                    Flexibility                <\/h3>\n                                        <div class=\"entry-content\">\n                    <p>Here the Women\u2019s World Cup in Boule has been played, Prince has performed, it has been Stamp Exhibition, Bag Fair and Licorice Festival.<\/p>\n                <\/div>\n                    <\/div>\n            <\/div>\n    <\/div>\n                                <div class=\"card-basic\">\n            <div class=\"card-media\">\n                            <img decoding=\"async\" width=\"1024\" height=\"683\" src=\"https:\/\/annexet.se\/uploads\/sites\/3\/2024\/04\/annexet-middag-2050-1024x683.jpg\" class=\"attachment-large size-large\" alt=\"Famous from TV\" srcset=\"https:\/\/annexet.se\/uploads\/sites\/3\/2024\/04\/annexet-middag-2050-1024x683.jpg 1024w, https:\/\/annexet.se\/uploads\/sites\/3\/2024\/04\/annexet-middag-2050-300x200.jpg 300w, https:\/\/annexet.se\/uploads\/sites\/3\/2024\/04\/annexet-middag-2050-768x512.jpg 768w, https:\/\/annexet.se\/uploads\/sites\/3\/2024\/04\/annexet-middag-2050-1536x1024.jpg 1536w, https:\/\/annexet.se\/uploads\/sites\/3\/2024\/04\/annexet-middag-2050-2048x1366.jpg 2048w\" sizes=\"(max-width: 1024px) 100vw, 1024px\" \/>                    <\/div>\n        <div class=\"card-content\">\n        <div class=\"card-text-content\">\n                            <h3>\n                    Famous from TV                <\/h3>\n                                        <div class=\"entry-content\">\n                    <p>TV-galas like the Grammis and Kristallen have been broadcasted from Annexet many times<\/p>\n                <\/div>\n                    <\/div>\n            <\/div>\n    <\/div>\n                                <div class=\"card-basic\">\n            <div class=\"card-media\">\n                            <img decoding=\"async\" width=\"1024\" height=\"683\" src=\"https:\/\/annexet.se\/uploads\/sites\/3\/2024\/04\/annexet-sittande-konsert-2050-1024x683.jpg\" class=\"attachment-large size-large\" alt=\"Capacity sitting concerts\" srcset=\"https:\/\/annexet.se\/uploads\/sites\/3\/2024\/04\/annexet-sittande-konsert-2050-1024x683.jpg 1024w, https:\/\/annexet.se\/uploads\/sites\/3\/2024\/04\/annexet-sittande-konsert-2050-300x200.jpg 300w, https:\/\/annexet.se\/uploads\/sites\/3\/2024\/04\/annexet-sittande-konsert-2050-768x512.jpg 768w, https:\/\/annexet.se\/uploads\/sites\/3\/2024\/04\/annexet-sittande-konsert-2050-1536x1024.jpg 1536w, https:\/\/annexet.se\/uploads\/sites\/3\/2024\/04\/annexet-sittande-konsert-2050-2048x1366.jpg 2048w\" sizes=\"(max-width: 1024px) 100vw, 1024px\" \/>                    <\/div>\n        <div class=\"card-content\">\n        <div class=\"card-text-content\">\n                            <h3>\n                    Capacity sitting concerts                <\/h3>\n                                        <div class=\"entry-content\">\n                    <p>2 200<\/p>\n                <\/div>\n                    <\/div>\n            <\/div>\n    <\/div>\n                                <div class=\"card-basic\">\n            <div class=\"card-media\">\n                            <img decoding=\"async\" width=\"1024\" height=\"683\" src=\"https:\/\/annexet.se\/uploads\/sites\/3\/2024\/04\/konsert-kapacitet-2050-1024x683.jpg\" class=\"attachment-large size-large\" alt=\"Capacity standing concerts\" srcset=\"https:\/\/annexet.se\/uploads\/sites\/3\/2024\/04\/konsert-kapacitet-2050-1024x683.jpg 1024w, https:\/\/annexet.se\/uploads\/sites\/3\/2024\/04\/konsert-kapacitet-2050-300x200.jpg 300w, https:\/\/annexet.se\/uploads\/sites\/3\/2024\/04\/konsert-kapacitet-2050-768x512.jpg 768w, https:\/\/annexet.se\/uploads\/sites\/3\/2024\/04\/konsert-kapacitet-2050-1536x1024.jpg 1536w, https:\/\/annexet.se\/uploads\/sites\/3\/2024\/04\/konsert-kapacitet-2050-2048x1366.jpg 2048w\" sizes=\"(max-width: 1024px) 100vw, 1024px\" \/>                    <\/div>\n        <div class=\"card-content\">\n        <div class=\"card-text-content\">\n                            <h3>\n                    Capacity standing concerts                <\/h3>\n                                        <div class=\"entry-content\">\n                    <p>3 400<\/p>\n                <\/div>\n                    <\/div>\n            <\/div>\n    <\/div>\n                                <div class=\"card-basic\">\n            <div class=\"card-media\">\n                            <img decoding=\"async\" width=\"1024\" height=\"683\" src=\"https:\/\/annexet.se\/uploads\/sites\/3\/2024\/04\/annexet-foretagsevenemang-2050-1024x683.jpg\" class=\"attachment-large size-large\" alt=\"Capacity business events\" srcset=\"https:\/\/annexet.se\/uploads\/sites\/3\/2024\/04\/annexet-foretagsevenemang-2050-1024x683.jpg 1024w, https:\/\/annexet.se\/uploads\/sites\/3\/2024\/04\/annexet-foretagsevenemang-2050-300x200.jpg 300w, https:\/\/annexet.se\/uploads\/sites\/3\/2024\/04\/annexet-foretagsevenemang-2050-768x512.jpg 768w, https:\/\/annexet.se\/uploads\/sites\/3\/2024\/04\/annexet-foretagsevenemang-2050-1536x1024.jpg 1536w, https:\/\/annexet.se\/uploads\/sites\/3\/2024\/04\/annexet-foretagsevenemang-2050-2048x1366.jpg 2048w\" sizes=\"(max-width: 1024px) 100vw, 1024px\" \/>                    <\/div>\n        <div class=\"card-content\">\n        <div class=\"card-text-content\">\n                            <h3>\n                    Capacity business events                <\/h3>\n                                        <div class=\"entry-content\">\n                    <p>2 000-3 400<\/p>\n                <\/div>\n                    <\/div>\n            <\/div>\n    <\/div>\n                        <\/div>\n<\/div>\n<\/section>\n\n\n\n<section id=\"block_22cf7b3c089e2c5850206c7ee6c6eb14\" class=\"banner-fullscreen relative align-full remove-default-margins-no\">\n            <div class=\"background\">\n                            <img decoding=\"async\" width=\"2050\" height=\"1154\" src=\"https:\/\/annexet.se\/uploads\/sites\/3\/2024\/04\/dua-lipa-2050.jpg\" class=\"img-desktop\" alt=\"\" aria-hidden=\"true\" srcset=\"https:\/\/annexet.se\/uploads\/sites\/3\/2024\/04\/dua-lipa-2050.jpg 2050w, https:\/\/annexet.se\/uploads\/sites\/3\/2024\/04\/dua-lipa-2050-300x169.jpg 300w, https:\/\/annexet.se\/uploads\/sites\/3\/2024\/04\/dua-lipa-2050-1024x576.jpg 1024w, https:\/\/annexet.se\/uploads\/sites\/3\/2024\/04\/dua-lipa-2050-768x432.jpg 768w, https:\/\/annexet.se\/uploads\/sites\/3\/2024\/04\/dua-lipa-2050-1536x865.jpg 1536w, https:\/\/annexet.se\/uploads\/sites\/3\/2024\/04\/dua-lipa-2050-2048x1153.jpg 2048w\" sizes=\"(max-width: 2050px) 100vw, 2050px\" \/>                                    <\/div>\n        <div class=\"container align-default\">\n        <div class=\"content-wrapper align-content-vertical-center align-content-horizontal-left\">\n            <div class=\"content-body\">\n                                    <div class=\"tagline\">\n                        WOW MOMENTS                    <\/div>\n                                                    <h2>Dua Lipa, 2018<\/h2>                                                    <div class=\"entry-content\">\n                        <p>When the pop sensation gave an unforgettable performance at her largest Swedish gig to date, it was clear that her next tour would require an even larger venue to accommodate her swarming fans.<\/p>\n                    <\/div>\n                                            <\/div>\n        <\/div>\n    <\/div>\n<\/section>\n\n\n\n<section id=\"block_f43f1652acf73b088dd077cf2d70437d\" class=\"banner-fullscreen relative align-full remove-default-margins-no\">\n            <div class=\"background\">\n                            <img decoding=\"async\" width=\"2050\" height=\"1154\" src=\"https:\/\/annexet.se\/uploads\/sites\/3\/2024\/04\/lebon-2050.jpg\" class=\"img-desktop\" alt=\"\" aria-hidden=\"true\" srcset=\"https:\/\/annexet.se\/uploads\/sites\/3\/2024\/04\/lebon-2050.jpg 2050w, https:\/\/annexet.se\/uploads\/sites\/3\/2024\/04\/lebon-2050-300x169.jpg 300w, https:\/\/annexet.se\/uploads\/sites\/3\/2024\/04\/lebon-2050-1024x576.jpg 1024w, https:\/\/annexet.se\/uploads\/sites\/3\/2024\/04\/lebon-2050-768x432.jpg 768w, https:\/\/annexet.se\/uploads\/sites\/3\/2024\/04\/lebon-2050-1536x865.jpg 1536w, https:\/\/annexet.se\/uploads\/sites\/3\/2024\/04\/lebon-2050-2048x1153.jpg 2048w\" sizes=\"(max-width: 2050px) 100vw, 2050px\" \/>                                    <\/div>\n        <div class=\"container align-default\">\n        <div class=\"content-wrapper align-content-vertical-center align-content-horizontal-right\">\n            <div class=\"content-body\">\n                                    <div class=\"tagline\">\n                        WOW MOMENTS                    <\/div>\n                                                    <h2>Le Bon, 2015<\/h2>                                                    <div class=\"entry-content\">\n                        <p>At the same time as the Nobel banquet was taking place in Stockholm City Hall, Lidl held another banquet called Le Bon (Nobel backwards) in Annexet, which was transformed into a replica of the Blue Hall. The purpose of the event was to prove the quality of Lidl\u2019s products.<\/p>\n                    <\/div>\n                                            <\/div>\n        <\/div>\n    <\/div>\n<\/section>\n\n\n\n<section id=\"block_84a503e8927ec9f1bf03dde2245e18c5\" class=\"banner-fullscreen relative align-full remove-default-margins-no\">\n            <div class=\"background\">\n                            <img decoding=\"async\" width=\"2050\" height=\"1154\" src=\"https:\/\/annexet.se\/uploads\/sites\/3\/2024\/04\/hakan-annexet-2005-2050.jpg\" class=\"img-desktop\" alt=\"\" aria-hidden=\"true\" srcset=\"https:\/\/annexet.se\/uploads\/sites\/3\/2024\/04\/hakan-annexet-2005-2050.jpg 2050w, https:\/\/annexet.se\/uploads\/sites\/3\/2024\/04\/hakan-annexet-2005-2050-300x169.jpg 300w, https:\/\/annexet.se\/uploads\/sites\/3\/2024\/04\/hakan-annexet-2005-2050-1024x576.jpg 1024w, https:\/\/annexet.se\/uploads\/sites\/3\/2024\/04\/hakan-annexet-2005-2050-768x432.jpg 768w, https:\/\/annexet.se\/uploads\/sites\/3\/2024\/04\/hakan-annexet-2005-2050-1536x865.jpg 1536w, https:\/\/annexet.se\/uploads\/sites\/3\/2024\/04\/hakan-annexet-2005-2050-2048x1153.jpg 2048w\" sizes=\"(max-width: 2050px) 100vw, 2050px\" \/>                                    <\/div>\n        <div class=\"container align-default\">\n        <div class=\"content-wrapper align-content-vertical-center align-content-horizontal-left\">\n            <div class=\"content-body\">\n                                    <div class=\"tagline\">\n                        WOW MOMENTS                    <\/div>\n                                                    <h2>H\u00e5kan Hellstr\u00f6m, 2005<\/h2>                                                    <div class=\"entry-content\">\n                        <p>It\u2019s almost hard to imagine H\u00e5kan playing in smaller venues, but in 2005 we heard En v\u00e4n med en bil, Ramlar, Nu kan du f\u00e5 mig s\u00e5 l\u00e4tt and other early H\u00e5kan classics at an intimate gig with a crazy vibe.<\/p>\n                    <\/div>\n                                            <\/div>\n        <\/div>\n    <\/div>\n<\/section>\n","protected":false},"excerpt":{"rendered":"","protected":false},"author":8,"featured_media":0,"parent":0,"menu_order":0,"comment_status":"closed","ping_status":"closed","template":"","meta":{"_acf_changed":false,"_relevanssi_hide_post":"","_relevanssi_pin_for_all":"","_relevanssi_pin_keywords":"","_relevanssi_unpin_keywords":"","_relevanssi_related_keywords":"","_relevanssi_related_include_ids":"","_relevanssi_related_exclude_ids":"","_relevanssi_related_no_append":"","_relevanssi_related_not_related":"","_relevanssi_related_posts":"","footnotes":""},"class_list":["post-401","page","type-page","status-publish","hentry"],"acf":[],"_links":{"self":[{"href":"https:\/\/annexet.se\/en\/wp-json\/wp\/v2\/pages\/401","targetHints":{"allow":["GET"]}}],"collection":[{"href":"https:\/\/annexet.se\/en\/wp-json\/wp\/v2\/pages"}],"about":[{"href":"https:\/\/annexet.se\/en\/wp-json\/wp\/v2\/types\/page"}],"author":[{"embeddable":true,"href":"https:\/\/annexet.se\/en\/wp-json\/wp\/v2\/users\/8"}],"replies":[{"embeddable":true,"href":"https:\/\/annexet.se\/en\/wp-json\/wp\/v2\/comments?post=401"}],"version-history":[{"count":5,"href":"https:\/\/annexet.se\/en\/wp-json\/wp\/v2\/pages\/401\/revisions"}],"predecessor-version":[{"id":1832,"href":"https:\/\/annexet.se\/en\/wp-json\/wp\/v2\/pages\/401\/revisions\/1832"}],"wp:attachment":[{"href":"https:\/\/annexet.se\/en\/wp-json\/wp\/v2\/media?parent=401"}],"curies":[{"name":"wp","href":"https:\/\/api.w.org\/{rel}","templated":true}]}}